{"id":2309,"date":"2025-12-26T16:43:18","date_gmt":"2025-12-26T15:43:18","guid":{"rendered":"https:\/\/crdex.com.pe\/?page_id=2309"},"modified":"2025-12-29T20:19:11","modified_gmt":"2025-12-29T19:19:11","slug":"nuestro-equipo","status":"publish","type":"page","link":"https:\/\/crdex.com.pe\/en\/nuestro-equipo","title":{"rendered":""},"content":{"rendered":"<div data-elementor-type=\"wp-page\" data-elementor-id=\"2309\" class=\"elementor elementor-2309\" data-elementor-post-type=\"page\">\n\t\t\t\t<div class=\"elementor-element elementor-element-0bbcf99 e-flex e-con-boxed e-con e-parent\" data-id=\"0bbcf99\" data-element_type=\"container\">\n\t\t\t\t\t<div class=\"e-con-inner\">\n\t\t<div class=\"elementor-element elementor-element-4e6cf18 e-con-full e-flex e-con e-child\" data-id=\"4e6cf18\" data-element_type=\"container\">\n\t\t\t\t<div class=\"elementor-element elementor-element-1b91487 elementor-widget elementor-widget-heading\" data-id=\"1b91487\" data-element_type=\"widget\" data-widget_type=\"heading.default\">\n\t\t\t\t<div class=\"elementor-widget-container\">\n\t\t\t\t\t<h2 class=\"elementor-heading-title elementor-size-default\">NOTICIAS<\/h2>\t\t\t\t<\/div>\n\t\t\t\t<\/div>\n\t\t\t\t<\/div>\n\t\t\t\t<div class=\"elementor-element elementor-element-3d1a645 elementor-widget elementor-widget-text-editor\" data-id=\"3d1a645\" data-element_type=\"widget\" data-widget_type=\"text-editor.default\">\n\t\t\t\t<div class=\"elementor-widget-container\">\n\t\t\t\t\t\t\t\t\t<p><span style=\"color: #333333;\">En <strong>CRDex<\/strong>, creemos que el \u00e9xito de una empresa se mide por la sonrisa de su comunidad. Esta Navidad, decidimos cambiar las oficinas por la alegr\u00eda de compartir, organizando una chocolatada para los ni\u00f1os. Fue una jornada llena de risas, regalos y, sobre todo, mucha alegr\u00eda. Gracias a todos los que forman parte de la familia CRDex por hacer posible que nuestra labor llegue a quienes m\u00e1s lo necesitan.<\/span><\/p>\t\t\t\t\t\t\t\t<\/div>\n\t\t\t\t<\/div>\n\t\t<div class=\"elementor-element elementor-element-a126718 e-grid e-con-full e-con e-child\" data-id=\"a126718\" data-element_type=\"container\">\n\t\t\t\t<div class=\"elementor-element elementor-element-e042380 animated-slow elementor-invisible elementor-widget elementor-widget-image\" data-id=\"e042380\" data-element_type=\"widget\" data-settings=\"{&quot;_animation&quot;:&quot;zoomIn&quot;}\" data-widget_type=\"image.default\">\n\t\t\t\t<div class=\"elementor-widget-container\">\n\t\t\t\t\t\t\t\t\t\t\t\t\t\t\t<img decoding=\"async\" src=\"https:\/\/crdex.com.pe\/wp-content\/uploads\/2025\/12\/IMG_9683-scaled.jpg\" title=\"IMG_9683\" alt=\"IMG_9683\" loading=\"lazy\" \/>\t\t\t\t\t\t\t\t\t\t\t\t\t\t\t<\/div>\n\t\t\t\t<\/div>\n\t\t\t\t<div class=\"elementor-element elementor-element-9210246 animated-slow elementor-invisible elementor-widget elementor-widget-image\" data-id=\"9210246\" data-element_type=\"widget\" data-settings=\"{&quot;_animation&quot;:&quot;zoomIn&quot;}\" data-widget_type=\"image.default\">\n\t\t\t\t<div class=\"elementor-widget-container\">\n\t\t\t\t\t\t\t\t\t\t\t\t\t\t\t<img fetchpriority=\"high\" decoding=\"async\" width=\"800\" height=\"600\" src=\"https:\/\/crdex.com.pe\/wp-content\/uploads\/2025\/12\/IMG_9755-1024x768.png\" class=\"attachment-large size-large wp-image-2314\" alt=\"\" srcset=\"https:\/\/crdex.com.pe\/wp-content\/uploads\/2025\/12\/IMG_9755-1024x768.png 1024w, https:\/\/crdex.com.pe\/wp-content\/uploads\/2025\/12\/IMG_9755-300x225.png 300w, https:\/\/crdex.com.pe\/wp-content\/uploads\/2025\/12\/IMG_9755-768x576.png 768w, https:\/\/crdex.com.pe\/wp-content\/uploads\/2025\/12\/IMG_9755-1536x1152.png 1536w, https:\/\/crdex.com.pe\/wp-content\/uploads\/2025\/12\/IMG_9755-2048x1536.png 2048w, https:\/\/crdex.com.pe\/wp-content\/uploads\/2025\/12\/IMG_9755-16x12.png 16w, https:\/\/crdex.com.pe\/wp-content\/uploads\/2025\/12\/IMG_9755-600x450.png 600w\" sizes=\"(max-width: 800px) 100vw, 800px\" \/>\t\t\t\t\t\t\t\t\t\t\t\t\t\t\t<\/div>\n\t\t\t\t<\/div>\n\t\t\t\t<div class=\"elementor-element elementor-element-03e50d3 animated-slow elementor-invisible elementor-widget elementor-widget-image\" data-id=\"03e50d3\" data-element_type=\"widget\" data-settings=\"{&quot;_animation&quot;:&quot;zoomIn&quot;}\" data-widget_type=\"image.default\">\n\t\t\t\t<div class=\"elementor-widget-container\">\n\t\t\t\t\t\t\t\t\t\t\t\t\t\t\t<img decoding=\"async\" src=\"https:\/\/crdex.com.pe\/wp-content\/uploads\/2025\/12\/IMG_9625-scaled.jpg\" title=\"IMG_9625\" alt=\"IMG_9625\" loading=\"lazy\" \/>\t\t\t\t\t\t\t\t\t\t\t\t\t\t\t<\/div>\n\t\t\t\t<\/div>\n\t\t\t\t<div class=\"elementor-element elementor-element-f30063c animated-slow elementor-invisible elementor-widget elementor-widget-image\" data-id=\"f30063c\" data-element_type=\"widget\" data-settings=\"{&quot;_animation&quot;:&quot;zoomIn&quot;}\" data-widget_type=\"image.default\">\n\t\t\t\t<div class=\"elementor-widget-container\">\n\t\t\t\t\t\t\t\t\t\t\t\t\t\t\t<img decoding=\"async\" width=\"800\" height=\"600\" src=\"https:\/\/crdex.com.pe\/wp-content\/uploads\/2025\/12\/IMG_9697-1024x768.jpg\" class=\"attachment-large size-large wp-image-2349\" alt=\"\" srcset=\"https:\/\/crdex.com.pe\/wp-content\/uploads\/2025\/12\/IMG_9697-1024x768.jpg 1024w, https:\/\/crdex.com.pe\/wp-content\/uploads\/2025\/12\/IMG_9697-300x225.jpg 300w, https:\/\/crdex.com.pe\/wp-content\/uploads\/2025\/12\/IMG_9697-768x576.jpg 768w, https:\/\/crdex.com.pe\/wp-content\/uploads\/2025\/12\/IMG_9697-1536x1152.jpg 1536w, https:\/\/crdex.com.pe\/wp-content\/uploads\/2025\/12\/IMG_9697-2048x1536.jpg 2048w, https:\/\/crdex.com.pe\/wp-content\/uploads\/2025\/12\/IMG_9697-16x12.jpg 16w, https:\/\/crdex.com.pe\/wp-content\/uploads\/2025\/12\/IMG_9697-600x450.jpg 600w\" sizes=\"(max-width: 800px) 100vw, 800px\" \/>\t\t\t\t\t\t\t\t\t\t\t\t\t\t\t<\/div>\n\t\t\t\t<\/div>\n\t\t\t\t<div class=\"elementor-element elementor-element-d9b4e56 animated-slow elementor-invisible elementor-widget elementor-widget-image\" data-id=\"d9b4e56\" data-element_type=\"widget\" data-settings=\"{&quot;_animation&quot;:&quot;zoomIn&quot;}\" data-widget_type=\"image.default\">\n\t\t\t\t<div class=\"elementor-widget-container\">\n\t\t\t\t\t\t\t\t\t\t\t\t\t\t\t<img decoding=\"async\" src=\"https:\/\/crdex.com.pe\/wp-content\/uploads\/2025\/12\/IMG_9629-scaled.jpg\" title=\"IMG_9629\" alt=\"IMG_9629\" loading=\"lazy\" \/>\t\t\t\t\t\t\t\t\t\t\t\t\t\t\t<\/div>\n\t\t\t\t<\/div>\n\t\t\t\t<div class=\"elementor-element elementor-element-a56c73c animated-slow elementor-invisible elementor-widget elementor-widget-image\" data-id=\"a56c73c\" data-element_type=\"widget\" data-settings=\"{&quot;_animation&quot;:&quot;zoomIn&quot;}\" data-widget_type=\"image.default\">\n\t\t\t\t<div class=\"elementor-widget-container\">\n\t\t\t\t\t\t\t\t\t\t\t\t\t\t\t<img decoding=\"async\" width=\"800\" height=\"600\" src=\"https:\/\/crdex.com.pe\/wp-content\/uploads\/2025\/12\/IMG_9734-1024x768.jpg\" class=\"attachment-large size-large wp-image-2351\" alt=\"\" srcset=\"https:\/\/crdex.com.pe\/wp-content\/uploads\/2025\/12\/IMG_9734-1024x768.jpg 1024w, https:\/\/crdex.com.pe\/wp-content\/uploads\/2025\/12\/IMG_9734-300x225.jpg 300w, https:\/\/crdex.com.pe\/wp-content\/uploads\/2025\/12\/IMG_9734-768x576.jpg 768w, https:\/\/crdex.com.pe\/wp-content\/uploads\/2025\/12\/IMG_9734-1536x1152.jpg 1536w, https:\/\/crdex.com.pe\/wp-content\/uploads\/2025\/12\/IMG_9734-2048x1536.jpg 2048w, https:\/\/crdex.com.pe\/wp-content\/uploads\/2025\/12\/IMG_9734-16x12.jpg 16w, https:\/\/crdex.com.pe\/wp-content\/uploads\/2025\/12\/IMG_9734-600x450.jpg 600w\" sizes=\"(max-width: 800px) 100vw, 800px\" \/>\t\t\t\t\t\t\t\t\t\t\t\t\t\t\t<\/div>\n\t\t\t\t<\/div>\n\t\t\t\t<\/div>\n\t\t\t\t\t<\/div>\n\t\t\t\t<\/div>\n\t\t\t\t<\/div>","protected":false},"excerpt":{"rendered":"<p>NOTICIAS En CRDex, creemos que el \u00e9xito de una empresa se mide por la sonrisa de su comunidad. Esta Navidad, decidimos cambiar las oficinas por la alegr\u00eda de compartir, organizando una chocolatada para los ni\u00f1os. Fue una jornada llena de risas, regalos y, sobre todo, mucha alegr\u00eda. Gracias a todos los que forman parte de [&hellip;]<\/p>","protected":false},"author":2,"featured_media":0,"parent":0,"menu_order":0,"comment_status":"closed","ping_status":"closed","template":"","meta":{"footnotes":""},"class_list":["post-2309","page","type-page","status-publish","hentry"],"_links":{"self":[{"href":"https:\/\/crdex.com.pe\/en\/wp-json\/wp\/v2\/pages\/2309","targetHints":{"allow":["GET"]}}],"collection":[{"href":"https:\/\/crdex.com.pe\/en\/wp-json\/wp\/v2\/pages"}],"about":[{"href":"https:\/\/crdex.com.pe\/en\/wp-json\/wp\/v2\/types\/page"}],"author":[{"embeddable":true,"href":"https:\/\/crdex.com.pe\/en\/wp-json\/wp\/v2\/users\/2"}],"replies":[{"embeddable":true,"href":"https:\/\/crdex.com.pe\/en\/wp-json\/wp\/v2\/comments?post=2309"}],"version-history":[{"count":28,"href":"https:\/\/crdex.com.pe\/en\/wp-json\/wp\/v2\/pages\/2309\/revisions"}],"predecessor-version":[{"id":2358,"href":"https:\/\/crdex.com.pe\/en\/wp-json\/wp\/v2\/pages\/2309\/revisions\/2358"}],"wp:attachment":[{"href":"https:\/\/crdex.com.pe\/en\/wp-json\/wp\/v2\/media?parent=2309"}],"curies":[{"name":"wp","href":"https:\/\/api.w.org\/{rel}","templated":true}]}}